{"id":485,"date":"2025-07-26T21:38:55","date_gmt":"2025-07-26T21:38:55","guid":{"rendered":"https:\/\/test-icubo.udd.cl?page_id=485"},"modified":"2025-08-09T23:43:22","modified_gmt":"2025-08-09T23:43:22","slug":"postula-dlab","status":"publish","type":"page","link":"https:\/\/test-icubo.udd.cl\/index.php\/postula-dlab\/","title":{"rendered":"Postula dLab"},"content":{"rendered":"<p>[et_pb_section fb_built=\u00bb1&#8243; _builder_version=\u00bb4.27.4&#8243; _module_preset=\u00bbdefault\u00bb da_disable_devices=\u00bboff|off|off\u00bb global_colors_info=\u00bb{}\u00bb da_is_popup=\u00bboff\u00bb da_exit_intent=\u00bboff\u00bb da_has_close=\u00bbon\u00bb da_alt_close=\u00bboff\u00bb da_dark_close=\u00bboff\u00bb da_not_modal=\u00bbon\u00bb da_is_singular=\u00bboff\u00bb da_with_loader=\u00bboff\u00bb da_has_shadow=\u00bbon\u00bb][et_pb_row column_structure=\u00bb1_5,3_5,1_5&#8243; _builder_version=\u00bb4.27.4&#8243; _module_preset=\u00bbdefault\u00bb locked=\u00bboff\u00bb global_colors_info=\u00bb{}\u00bb][et_pb_column type=\u00bb1_5&#8243; _builder_version=\u00bb4.27.4&#8243; _module_preset=\u00bbdefault\u00bb global_colors_info=\u00bb{}\u00bb][\/et_pb_column][et_pb_column type=\u00bb3_5&#8243; _builder_version=\u00bb4.27.4&#8243; _module_preset=\u00bbdefault\u00bb global_colors_info=\u00bb{}\u00bb][et_pb_text _builder_version=\u00bb4.27.4&#8243; _module_preset=\u00bbdefault\u00bb header_4_font=\u00bb&#8211;et_global_heading_font|700||on|||||\u00bb header_4_text_align=\u00bbcenter\u00bb header_4_text_color=\u00bb#000000&#8243; header_4_font_size=\u00bb16px\u00bb custom_margin=\u00bb12px||12px|||\u00bb global_colors_info=\u00bb{}\u00bb]<\/p>\n<h4>Postulaci\u00f3n<\/h4>\n<p>[\/et_pb_text][et_pb_text _builder_version=\u00bb4.27.4&#8243; _module_preset=\u00bbdefault\u00bb header_font=\u00bb&#8211;et_global_heading_font|800|||||||\u00bb header_text_align=\u00bbcenter\u00bb header_text_color=\u00bb#000000&#8243; header_font_size=\u00bb47px\u00bb header_line_height=\u00bb1.1em\u00bb header_4_font=\u00bb&#8211;et_global_heading_font|700||on|||||\u00bb header_4_text_color=\u00bb#000000&#8243; header_4_font_size=\u00bb16px\u00bb custom_margin=\u00bb24px||43px|||\u00bb hover_enabled=\u00bb0&#8243; global_colors_info=\u00bb{}\u00bb header_font_size_last_edited=\u00bbon|phone\u00bb header_font_size_phone=\u00bb35px\u00bb sticky_enabled=\u00bb0&#8243; header_font_size_tablet=\u00bb47px\u00bb]<\/p>\n<h1>\u00a1Postula a dLab!<\/h1>\n<p>[\/et_pb_text][et_pb_text _builder_version=\u00bb4.27.4&#8243; _module_preset=\u00bbdefault\u00bb text_font=\u00bb&#8211;et_global_body_font||||||||\u00bb text_text_color=\u00bb#000000&#8243; text_orientation=\u00bbcenter\u00bb custom_margin=\u00bb-11px|||||\u00bb global_colors_info=\u00bb{}\u00bb]<\/p>\n<p><span data-contrast=\"auto\">\u00a1Postula a dLab y s\u00e9 parte de esta gran red!<\/span><span data-ccp-props=\"{&quot;201341983&quot;:0,&quot;335559740&quot;:278}\">\u00a0<\/span><\/p>\n<p><span data-contrast=\"auto\">dLab es conducente al Diplomado de Innovaci\u00f3n Interdisciplinaria otorgado por la Vicerrector\u00eda de Innovaci\u00f3n y Desarrollo de la UDD. Dirigido a los alumnos de pregrado que cursan su \u00faltimo a\u00f1o de las carreras de Dise\u00f1o, Ingenier\u00eda Comercial e Ingenier\u00eda Civil Industrial. Los alumnos no deber\u00e1n cursar ramos extras ni pagar m\u00e1s a\u00f1os de carrera, ya que este Diplomado se puede homologar por ciertos ramos de su malla curricular.<\/span><span data-ccp-props=\"{&quot;201341983&quot;:0,&quot;335559740&quot;:278}\">\u00a0<\/span><\/p>\n<p>[\/et_pb_text][et_pb_button button_url=\u00bbhttps:\/\/forms.office.com\/r\/i4mccPpGkr\u00bb url_new_window=\u00bbon\u00bb button_text=\u00bb\u00a1Postular!\u00bb button_alignment=\u00bbcenter\u00bb _builder_version=\u00bb4.27.4&#8243; _module_preset=\u00bbdefault\u00bb custom_button=\u00bbon\u00bb button_text_color=\u00bb#FFFFFF\u00bb button_bg_color=\u00bb#0165A5&#8243; button_border_width=\u00bb0px\u00bb locked=\u00bboff\u00bb global_colors_info=\u00bb{}\u00bb][\/et_pb_button][\/et_pb_column][et_pb_column type=\u00bb1_5&#8243; _builder_version=\u00bb4.27.4&#8243; _module_preset=\u00bbdefault\u00bb global_colors_info=\u00bb{}\u00bb][\/et_pb_column][\/et_pb_row][\/et_pb_section][et_pb_section fb_built=\u00bb1&#8243; _builder_version=\u00bb4.27.4&#8243; _module_preset=\u00bbdefault\u00bb da_disable_devices=\u00bboff|off|off\u00bb global_colors_info=\u00bb{}\u00bb da_is_popup=\u00bboff\u00bb da_exit_intent=\u00bboff\u00bb da_has_close=\u00bbon\u00bb da_alt_close=\u00bboff\u00bb da_dark_close=\u00bboff\u00bb da_not_modal=\u00bbon\u00bb da_is_singular=\u00bboff\u00bb da_with_loader=\u00bboff\u00bb da_has_shadow=\u00bbon\u00bb][et_pb_row column_structure=\u00bb1_5,3_5,1_5&#8243; _builder_version=\u00bb4.27.4&#8243; _module_preset=\u00bbdefault\u00bb locked=\u00bboff\u00bb global_colors_info=\u00bb{}\u00bb][et_pb_column type=\u00bb1_5&#8243; _builder_version=\u00bb4.27.4&#8243; _module_preset=\u00bbdefault\u00bb global_colors_info=\u00bb{}\u00bb][\/et_pb_column][et_pb_column type=\u00bb3_5&#8243; _builder_version=\u00bb4.27.4&#8243; _module_preset=\u00bbdefault\u00bb global_colors_info=\u00bb{}\u00bb][et_pb_text _builder_version=\u00bb4.27.4&#8243; _module_preset=\u00bbdefault\u00bb header_4_font=\u00bb&#8211;et_global_heading_font|700||on|||||\u00bb header_4_text_align=\u00bbcenter\u00bb header_4_text_color=\u00bb#000000&#8243; header_4_font_size=\u00bb16px\u00bb custom_margin=\u00bb12px||12px|||\u00bb global_colors_info=\u00bb{}\u00bb]<\/p>\n<h4>Contactos<\/h4>\n<p>[\/et_pb_text][\/et_pb_column][et_pb_column type=\u00bb1_5&#8243; _builder_version=\u00bb4.27.4&#8243; _module_preset=\u00bbdefault\u00bb global_colors_info=\u00bb{}\u00bb][\/et_pb_column][\/et_pb_row][et_pb_row column_structure=\u00bb1_2,1_2&#8243; _builder_version=\u00bb4.27.4&#8243; _module_preset=\u00bbdefault\u00bb locked=\u00bboff\u00bb global_colors_info=\u00bb{}\u00bb][et_pb_column type=\u00bb1_2&#8243; _builder_version=\u00bb4.27.4&#8243; _module_preset=\u00bbdefault\u00bb global_colors_info=\u00bb{}\u00bb][et_pb_image src=\u00bbhttps:\/\/test-icubo.udd.clwp-content\/uploads\/2025\/07\/Ma-Fernanda.png\u00bb title_text=\u00bbMa Fernanda\u00bb align=\u00bbcenter\u00bb _builder_version=\u00bb4.27.4&#8243; _module_preset=\u00bbdefault\u00bb global_colors_info=\u00bb{}\u00bb][\/et_pb_image][et_pb_text _builder_version=\u00bb4.27.4&#8243; _module_preset=\u00bbdefault\u00bb text_font=\u00bbOpen Sans||||||||\u00bb header_font=\u00bb&#8211;et_global_body_font||||||||\u00bb header_4_font=\u00bb&#8211;et_global_body_font|700|||||||\u00bb global_colors_info=\u00bb{}\u00bb]<\/p>\n<h4 style=\"text-align: center;\"><span data-contrast=\"auto\" xml:lang=\"ES\" lang=\"ES\" class=\"TextRun SCXW245076706 BCX0\"><span class=\"NormalTextRun SCXW245076706 BCX0\">Mar\u00eda Fernanda Rodr\u00edguez<\/span><\/span><span class=\"LineBreakBlob BlobObject DragDrop SCXW245076706 BCX0\"><span class=\"SCXW245076706 BCX0\"> <\/span><\/span><\/h4>\n<p style=\"text-align: center;\"><span data-contrast=\"auto\" xml:lang=\"ES\" lang=\"ES\" class=\"TextRun SCXW245076706 BCX0\"><span class=\"NormalTextRun SCXW245076706 BCX0\">Coordinadora <\/span><span class=\"NormalTextRun SCXW245076706 BCX0\">dLab<\/span><\/span><span class=\"LineBreakBlob BlobObject DragDrop SCXW245076706 BCX0\"><span class=\"SCXW245076706 BCX0\">\u00a0<\/span><br class=\"SCXW245076706 BCX0\" \/><\/span><span data-contrast=\"auto\" xml:lang=\"ES\" lang=\"ES\" class=\"TextRun SCXW245076706 BCX0\"><span class=\"NormalTextRun SCXW245076706 BCX0\"> <\/span><\/span><a class=\"Hyperlink SCXW245076706 BCX0\" href=\"mailto:marirodriguez@udd.cl\" target=\"_blank\" rel=\"noreferrer noopener\"><span data-contrast=\"none\" xml:lang=\"ES\" lang=\"ES\" class=\"TextRun Underlined SCXW245076706 BCX0\"><span class=\"NormalTextRun SCXW245076706 BCX0\" data-ccp-charstyle=\"Hyperlink\">marirodriguez@udd.cl<\/span><\/span><\/a><span data-contrast=\"auto\" xml:lang=\"ES-CL\" lang=\"ES-CL\" class=\"TextRun EmptyTextRun SCXW245076706 BCX0\"><\/span><span class=\"LineBreakBlob BlobObject DragDrop SCXW245076706 BCX0\"><span class=\"SCXW245076706 BCX0\">\u00a0<\/span><br class=\"SCXW245076706 BCX0\" \/><\/span><span data-contrast=\"auto\" xml:lang=\"ES\" lang=\"ES\" class=\"TextRun SCXW245076706 BCX0\"><span class=\"NormalTextRun SCXW245076706 BCX0\">Santiago<\/span><\/span><span class=\"EOP SCXW245076706 BCX0\" data-ccp-props=\"{&quot;201341983&quot;:0,&quot;335559740&quot;:278}\">\u00a0<\/span><\/p>\n<p>[\/et_pb_text][\/et_pb_column][et_pb_column type=\u00bb1_2&#8243; _builder_version=\u00bb4.27.4&#8243; _module_preset=\u00bbdefault\u00bb global_colors_info=\u00bb{}\u00bb][et_pb_image src=\u00bbhttps:\/\/test-icubo.udd.clwp-content\/uploads\/2025\/07\/Carolina.png\u00bb title_text=\u00bbCarolina\u00bb align=\u00bbcenter\u00bb _builder_version=\u00bb4.27.4&#8243; _module_preset=\u00bbdefault\u00bb global_colors_info=\u00bb{}\u00bb][\/et_pb_image][et_pb_text _builder_version=\u00bb4.27.4&#8243; _module_preset=\u00bbdefault\u00bb text_font=\u00bbOpen Sans||||||||\u00bb header_font=\u00bb&#8211;et_global_body_font||||||||\u00bb header_4_font=\u00bb&#8211;et_global_body_font|700|||||||\u00bb global_colors_info=\u00bb{}\u00bb]<\/p>\n<h4 style=\"text-align: center;\"><span data-contrast=\"auto\" xml:lang=\"ES\" lang=\"ES\" class=\"TextRun SCXW111085742 BCX0\"><span class=\"NormalTextRun SCXW111085742 BCX0\">Carolina Huilcam\u00e1n<\/span><\/span><\/h4>\n<p style=\"text-align: center;\"><span data-contrast=\"auto\" xml:lang=\"ES\" lang=\"ES\" class=\"TextRun SCXW43799488 BCX0\"><span class=\"NormalTextRun SCXW43799488 BCX0\">Subdirectora<\/span><span class=\"NormalTextRun SCXW43799488 BCX0\"> <\/span><span class=\"NormalTextRun SCXW43799488 BCX0\">dLab<\/span><\/span><span class=\"LineBreakBlob BlobObject DragDrop SCXW43799488 BCX0\"><span class=\"SCXW43799488 BCX0\">\u00a0<\/span><br class=\"SCXW43799488 BCX0\" \/><\/span><span data-contrast=\"auto\" xml:lang=\"ES\" lang=\"ES\" class=\"TextRun SCXW43799488 BCX0\"><span class=\"NormalTextRun SCXW43799488 BCX0\"> <\/span><\/span><a class=\"Hyperlink SCXW43799488 BCX0\" href=\"mailto:c.huilcaman@udd.cl\" target=\"_blank\" rel=\"noreferrer noopener\"><span data-contrast=\"none\" xml:lang=\"ES\" lang=\"ES\" class=\"TextRun Underlined SCXW43799488 BCX0\"><span class=\"NormalTextRun SCXW43799488 BCX0\" data-ccp-charstyle=\"Hyperlink\">c.huilcaman@udd.cl<\/span><\/span><\/a><span data-contrast=\"auto\" xml:lang=\"ES-CL\" lang=\"ES-CL\" class=\"TextRun EmptyTextRun SCXW43799488 BCX0\"><\/span><span class=\"LineBreakBlob BlobObject DragDrop SCXW43799488 BCX0\"><span class=\"SCXW43799488 BCX0\">\u00a0<\/span><br class=\"SCXW43799488 BCX0\" \/><\/span><span data-contrast=\"auto\" xml:lang=\"ES\" lang=\"ES\" class=\"TextRun SCXW43799488 BCX0\"><span class=\"NormalTextRun SCXW43799488 BCX0\"> Concepci\u00f3n<\/span><\/span><\/p>\n<p>[\/et_pb_text][\/et_pb_column][\/et_pb_row][\/et_pb_section]<\/p>\n","protected":false},"excerpt":{"rendered":"<p>Postulaci\u00f3n\u00a1Postula a dLab!\u00a1Postula a dLab y s\u00e9 parte de esta gran red!\u00a0 dLab es conducente al Diplomado de Innovaci\u00f3n Interdisciplinaria otorgado por la Vicerrector\u00eda de Innovaci\u00f3n y Desarrollo de la UDD. Dirigido a los alumnos de pregrado que cursan su \u00faltimo a\u00f1o de las carreras de Dise\u00f1o, Ingenier\u00eda Comercial e Ingenier\u00eda Civil Industrial. Los alumnos [&hellip;]<\/p>\n","protected":false},"author":1,"featured_media":0,"parent":0,"menu_order":0,"comment_status":"closed","ping_status":"closed","template":"","meta":{"_acf_changed":false,"_et_pb_use_builder":"on","_et_pb_old_content":"","_et_gb_content_width":"","footnotes":""},"class_list":["post-485","page","type-page","status-publish","hentry"],"acf":[],"_links":{"self":[{"href":"https:\/\/test-icubo.udd.cl\/index.php\/wp-json\/wp\/v2\/pages\/485","targetHints":{"allow":["GET"]}}],"collection":[{"href":"https:\/\/test-icubo.udd.cl\/index.php\/wp-json\/wp\/v2\/pages"}],"about":[{"href":"https:\/\/test-icubo.udd.cl\/index.php\/wp-json\/wp\/v2\/types\/page"}],"author":[{"embeddable":true,"href":"https:\/\/test-icubo.udd.cl\/index.php\/wp-json\/wp\/v2\/users\/1"}],"replies":[{"embeddable":true,"href":"https:\/\/test-icubo.udd.cl\/index.php\/wp-json\/wp\/v2\/comments?post=485"}],"version-history":[{"count":3,"href":"https:\/\/test-icubo.udd.cl\/index.php\/wp-json\/wp\/v2\/pages\/485\/revisions"}],"predecessor-version":[{"id":689,"href":"https:\/\/test-icubo.udd.cl\/index.php\/wp-json\/wp\/v2\/pages\/485\/revisions\/689"}],"wp:attachment":[{"href":"https:\/\/test-icubo.udd.cl\/index.php\/wp-json\/wp\/v2\/media?parent=485"}],"curies":[{"name":"wp","href":"https:\/\/api.w.org\/{rel}","templated":true}]}}